{"id":2,"date":"2025-09-17T14:06:51","date_gmt":"2025-09-17T12:06:51","guid":{"rendered":"http:\/\/elkom-olesno.pl\/?page_id=2"},"modified":"2026-01-21T12:00:47","modified_gmt":"2026-01-21T11:00:47","slug":"przykladowa-strona","status":"publish","type":"page","link":"http:\/\/elkom-olesno.pl\/?page_id=2","title":{"rendered":"Oferta"},"content":{"rendered":"\n<p><strong>Nasza firma powsta\u0142a w 1991r. Od pocz\u0105tku istnienia jej celem jest \u015bwiadczenie us\u0142ug najwy\u017cszej jako\u015bci. Firma &#8220;ELKOM&#8221; specjalizuje si\u0119 w wykonywaniu projekt\u00f3w oraz rob\u00f3t elektrycznych w zakresie niskiego i \u015bredniego napi\u0119cia. W szczeg\u00f3lno\u015bci:<\/strong><\/p>\n\n\n\n<blockquote class=\"wp-block-quote is-layout-flow wp-block-quote-is-layout-flow\"><\/blockquote>\n\n\n\n<blockquote class=\"wp-block-quote is-layout-flow wp-block-quote-is-layout-flow\"><\/blockquote>\n\n\n\n<p class=\"has-text-align-center\"><strong>sieci SN i nn kablowe (kable, z\u0142\u0105cza, mufy, szafki pomiarowe)<\/strong><br>-projektowanie i uzyskiwanie pozwole\u0144 prawnych dotycz\u0105cych budowy linii przesy\u0142owych i dystrybucyjnych<br>-kompletowanie i dostawa materia\u0142\u00f3w<br>-projektowanie i budowa linii kablowych SN i nn<br>-testy pomonta\u017cowe i przekazywanie do eksploatacji<br>-modernizacja linii kablowych SN i nn<br>-prace kontrolno \u2013 pomiarowe<br>-sporz\u0105dzanie dokumentacji<br>-uk\u0142adanie ziemnych kabli \u015bwiat\u0142owodowych i kanalizacji \u015bwiat\u0142owodowej<\/p>\n\n\n\n<p class=\"has-text-align-center\"><strong>sieci SN i nn napowietrzne<\/strong><br>-projektowanie i uzyskiwanie pozwole\u0144 prawnych dotycz\u0105cych budowy linii przesy\u0142owych i dystrybucyjnych<br>-kompletowanie i dostawa materia\u0142\u00f3w<br>-projektowanie i budowa linii napowietrznych SN i nn<br>-testy pomonta\u017cowe i przekazywanie do eksploatacji<br>-modernizacja linii napowietrznych SN i nn<br>-projektowanie i monta\u017c trakt\u00f3w \u015bwiat\u0142owodowych na liniach elektroenergetycznych<br>-uliczne instalacje o\u015bwietleniowe<br>-prace kontrolno \u2013 pomiarowe<br>-sporz\u0105dzanie dokumentacji<\/p>\n\n\n\n<p class=\"has-text-align-center\"><strong>stacje transformatorowe<\/strong><br>-opracowanie dokumentacji technicznej, organizacyjnej i prawnej oraz uzyskanie wymaganych pozwole\u0144<br>-kompletowanie i dostawa urz\u0105dze\u0144<br>-projektowanie i budowa stacji s\u0142upowych, kontenerowych oraz wn\u0119trzowych stacji SN i nn<br>-testy pomonta\u017cowe, przekazywanie do eksploatacji i rozruch<br>-naprawy, w tym dora\u017ane i interwencyjne<br>-modernizacja stacji i rozdzielni elektroenergetycznych<br>-automatyka oraz systemy sterowania i nadzoru stacji<br>-prace kontrolno \u2013 pomiarowe i rozruchowe<\/p>\n\n\n\n<p class=\"has-text-align-center\"><strong>instalacje wewn\u0119trzne<\/strong><br>-Instalacje zasilaj\u0105ce i rozdzia\u0142u mocy<br>-Systemy zasilania rezerwowego oraz monta\u017c agregat\u00f3w pr\u0105dotw\u00f3rczych<br>-Szynoprzewody<br>-Uk\u0142ady SZR<br>-instalacje o\u015bwietleniowe<br>-instalacje odgromowe<br>-instalacje gniazd wtykowych<br>-instalacje teletechniczne<\/p>\n\n\n\n<p class=\"has-text-align-center\"><strong>o\u015bwietlenie dr\u00f3g i wszelkich teren\u00f3w<\/strong><br>-projektowanie i uzyskiwanie pozwole\u0144 prawnych dotycz\u0105cych budowy sieci o\u015bwietleniowej<br>-kompletowanie i dostawa materia\u0142\u00f3w<br>-projektowanie i budowa sieci o\u015bwietleniowej<br>-testy pomonta\u017cowe i przekazywanie do eksploatacji<br>-prace kontrolno \u2013 pomiarowe<br>-sporz\u0105dzanie dokumentacji<\/p>\n\n\n\n<p class=\"has-text-align-center\"><strong>badania i pomiary<\/strong><br>-pomiary ochronne<br>-pomiary SWZ<br>-pomiary funkcjonalne instalacji elektrycznych<br>-pomiary zabezpiecze\u0144 r\u00f3\u017cnicowopr\u0105dowych<br>-pomiary rezystancji izolacji obwod\u00f3w<br>-pomiary stanu instalacji odgromowych<br>-pomiary rezystancji uziemie\u0144<br>-pomiary rezystywno\u015bci gruntu<br>-pomiary o\u015bwietlenia<br>-pomiary ci\u0105g\u0142o\u015bci PE i ma\u0142ych rezystancji<br>-pomiary elektroenergetyczne<br>-pomiary rezystancji izolacji \u015bcian i pod\u0142\u00f3g<br>-pomiary okresowe<br>-ustalanie kolejno\u015bci wirowania faz<\/p>\n","protected":false},"excerpt":{"rendered":"<p>Nasza firma powsta\u0142a w 1991r. Od pocz\u0105tku istnienia jej celem jest \u015bwiadczenie us\u0142ug najwy\u017cszej jako\u015bci. Firma &#8220;ELKOM&#8221; specjalizuje si\u0119 w wykonywaniu projekt\u00f3w oraz rob\u00f3t elektrycznych w zakresie niskiego i \u015bredniego napi\u0119cia. W szczeg\u00f3lno\u015bci: sieci SN i nn kablowe (kable, z\u0142\u0105cza, mufy, szafki pomiarowe)-projektowanie i uzyskiwanie pozwole\u0144 prawnych dotycz\u0105cych budowy linii przesy\u0142owych i dystrybucyjnych-kompletowanie i dostawa &hellip; <\/p>\n<p class=\"link-more\"><a href=\"http:\/\/elkom-olesno.pl\/?page_id=2\" class=\"more-link\">Continue reading<span class=\"screen-reader-text\"> &#8220;Oferta&#8221;<\/span><\/a><\/p>\n","protected":false},"author":1,"featured_media":113,"parent":0,"menu_order":0,"comment_status":"closed","ping_status":"open","template":"","meta":{"_uag_custom_page_level_css":"","footnotes":""},"class_list":["post-2","page","type-page","status-publish","has-post-thumbnail","hentry"],"yoast_head":"<!-- This site is optimized with the Yoast SEO plugin v25.9 - https:\/\/yoast.com\/wordpress\/plugins\/seo\/ -->\n<title>Oferta - ELKOM<\/title>\n<meta name=\"robots\" content=\"index, follow, max-snippet:-1, max-image-preview:large, max-video-preview:-1\" \/>\n<link rel=\"canonical\" href=\"http:\/\/elkom-olesno.pl\/?page_id=2\" \/>\n<meta property=\"og:locale\" content=\"en_US\" \/>\n<meta property=\"og:type\" content=\"article\" \/>\n<meta property=\"og:title\" content=\"Oferta - ELKOM\" \/>\n<meta property=\"og:description\" content=\"Nasza firma powsta\u0142a w 1991r. Od pocz\u0105tku istnienia jej celem jest \u015bwiadczenie us\u0142ug najwy\u017cszej jako\u015bci. Firma &#8220;ELKOM&#8221; specjalizuje si\u0119 w wykonywaniu projekt\u00f3w oraz rob\u00f3t elektrycznych w zakresie niskiego i \u015bredniego napi\u0119cia. W szczeg\u00f3lno\u015bci: sieci SN i nn kablowe (kable, z\u0142\u0105cza, mufy, szafki pomiarowe)-projektowanie i uzyskiwanie pozwole\u0144 prawnych dotycz\u0105cych budowy linii przesy\u0142owych i dystrybucyjnych-kompletowanie i dostawa &hellip; Continue reading &quot;Oferta&quot;\" \/>\n<meta property=\"og:url\" content=\"http:\/\/elkom-olesno.pl\/?page_id=2\" \/>\n<meta property=\"og:site_name\" content=\"ELKOM\" \/>\n<meta property=\"article:modified_time\" content=\"2026-01-21T11:00:47+00:00\" \/>\n<meta property=\"og:image\" content=\"http:\/\/elkom-olesno.pl\/wp-content\/uploads\/2026\/01\/strommast-3906852_1920.jpg\" \/>\n\t<meta property=\"og:image:width\" content=\"1920\" \/>\n\t<meta property=\"og:image:height\" content=\"1183\" \/>\n\t<meta property=\"og:image:type\" content=\"image\/jpeg\" \/>\n<meta name=\"twitter:card\" content=\"summary_large_image\" \/>\n<meta name=\"twitter:label1\" content=\"Est. reading time\" \/>\n\t<meta name=\"twitter:data1\" content=\"3 minutes\" \/>\n<script type=\"application\/ld+json\" class=\"yoast-schema-graph\">{\"@context\":\"https:\/\/schema.org\",\"@graph\":[{\"@type\":\"WebPage\",\"@id\":\"http:\/\/elkom-olesno.pl\/?page_id=2\",\"url\":\"http:\/\/elkom-olesno.pl\/?page_id=2\",\"name\":\"Oferta - ELKOM\",\"isPartOf\":{\"@id\":\"http:\/\/elkom-olesno.pl\/#website\"},\"primaryImageOfPage\":{\"@id\":\"http:\/\/elkom-olesno.pl\/?page_id=2#primaryimage\"},\"image\":{\"@id\":\"http:\/\/elkom-olesno.pl\/?page_id=2#primaryimage\"},\"thumbnailUrl\":\"http:\/\/elkom-olesno.pl\/wp-content\/uploads\/2026\/01\/strommast-3906852_1920.jpg\",\"datePublished\":\"2025-09-17T12:06:51+00:00\",\"dateModified\":\"2026-01-21T11:00:47+00:00\",\"breadcrumb\":{\"@id\":\"http:\/\/elkom-olesno.pl\/?page_id=2#breadcrumb\"},\"inLanguage\":\"en-US\",\"potentialAction\":[{\"@type\":\"ReadAction\",\"target\":[\"http:\/\/elkom-olesno.pl\/?page_id=2\"]}]},{\"@type\":\"ImageObject\",\"inLanguage\":\"en-US\",\"@id\":\"http:\/\/elkom-olesno.pl\/?page_id=2#primaryimage\",\"url\":\"http:\/\/elkom-olesno.pl\/wp-content\/uploads\/2026\/01\/strommast-3906852_1920.jpg\",\"contentUrl\":\"http:\/\/elkom-olesno.pl\/wp-content\/uploads\/2026\/01\/strommast-3906852_1920.jpg\",\"width\":1920,\"height\":1183},{\"@type\":\"BreadcrumbList\",\"@id\":\"http:\/\/elkom-olesno.pl\/?page_id=2#breadcrumb\",\"itemListElement\":[{\"@type\":\"ListItem\",\"position\":1,\"name\":\"Strona g\u0142\u00f3wna\",\"item\":\"http:\/\/elkom-olesno.pl\/\"},{\"@type\":\"ListItem\",\"position\":2,\"name\":\"Oferta\"}]},{\"@type\":\"WebSite\",\"@id\":\"http:\/\/elkom-olesno.pl\/#website\",\"url\":\"http:\/\/elkom-olesno.pl\/\",\"name\":\"ELKOM\",\"description\":\"Projektowanie i realizacja sieci energetycznych\",\"publisher\":{\"@id\":\"http:\/\/elkom-olesno.pl\/#organization\"},\"potentialAction\":[{\"@type\":\"SearchAction\",\"target\":{\"@type\":\"EntryPoint\",\"urlTemplate\":\"http:\/\/elkom-olesno.pl\/?s={search_term_string}\"},\"query-input\":{\"@type\":\"PropertyValueSpecification\",\"valueRequired\":true,\"valueName\":\"search_term_string\"}}],\"inLanguage\":\"en-US\"},{\"@type\":\"Organization\",\"@id\":\"http:\/\/elkom-olesno.pl\/#organization\",\"name\":\"ELKOM\",\"url\":\"http:\/\/elkom-olesno.pl\/\",\"logo\":{\"@type\":\"ImageObject\",\"inLanguage\":\"en-US\",\"@id\":\"http:\/\/elkom-olesno.pl\/#\/schema\/logo\/image\/\",\"url\":\"http:\/\/elkom-olesno.pl\/wp-content\/uploads\/2026\/01\/cropped-Logo-kontra-bez-tla.png\",\"contentUrl\":\"http:\/\/elkom-olesno.pl\/wp-content\/uploads\/2026\/01\/cropped-Logo-kontra-bez-tla.png\",\"width\":1250,\"height\":250,\"caption\":\"ELKOM\"},\"image\":{\"@id\":\"http:\/\/elkom-olesno.pl\/#\/schema\/logo\/image\/\"}}]}<\/script>\n<!-- \/ Yoast SEO plugin. -->","yoast_head_json":{"title":"Oferta - ELKOM","robots":{"index":"index","follow":"follow","max-snippet":"max-snippet:-1","max-image-preview":"max-image-preview:large","max-video-preview":"max-video-preview:-1"},"canonical":"http:\/\/elkom-olesno.pl\/?page_id=2","og_locale":"en_US","og_type":"article","og_title":"Oferta - ELKOM","og_description":"Nasza firma powsta\u0142a w 1991r. Od pocz\u0105tku istnienia jej celem jest \u015bwiadczenie us\u0142ug najwy\u017cszej jako\u015bci. Firma &#8220;ELKOM&#8221; specjalizuje si\u0119 w wykonywaniu projekt\u00f3w oraz rob\u00f3t elektrycznych w zakresie niskiego i \u015bredniego napi\u0119cia. W szczeg\u00f3lno\u015bci: sieci SN i nn kablowe (kable, z\u0142\u0105cza, mufy, szafki pomiarowe)-projektowanie i uzyskiwanie pozwole\u0144 prawnych dotycz\u0105cych budowy linii przesy\u0142owych i dystrybucyjnych-kompletowanie i dostawa &hellip; Continue reading \"Oferta\"","og_url":"http:\/\/elkom-olesno.pl\/?page_id=2","og_site_name":"ELKOM","article_modified_time":"2026-01-21T11:00:47+00:00","og_image":[{"width":1920,"height":1183,"url":"http:\/\/elkom-olesno.pl\/wp-content\/uploads\/2026\/01\/strommast-3906852_1920.jpg","type":"image\/jpeg"}],"twitter_card":"summary_large_image","twitter_misc":{"Est. reading time":"3 minutes"},"schema":{"@context":"https:\/\/schema.org","@graph":[{"@type":"WebPage","@id":"http:\/\/elkom-olesno.pl\/?page_id=2","url":"http:\/\/elkom-olesno.pl\/?page_id=2","name":"Oferta - ELKOM","isPartOf":{"@id":"http:\/\/elkom-olesno.pl\/#website"},"primaryImageOfPage":{"@id":"http:\/\/elkom-olesno.pl\/?page_id=2#primaryimage"},"image":{"@id":"http:\/\/elkom-olesno.pl\/?page_id=2#primaryimage"},"thumbnailUrl":"http:\/\/elkom-olesno.pl\/wp-content\/uploads\/2026\/01\/strommast-3906852_1920.jpg","datePublished":"2025-09-17T12:06:51+00:00","dateModified":"2026-01-21T11:00:47+00:00","breadcrumb":{"@id":"http:\/\/elkom-olesno.pl\/?page_id=2#breadcrumb"},"inLanguage":"en-US","potentialAction":[{"@type":"ReadAction","target":["http:\/\/elkom-olesno.pl\/?page_id=2"]}]},{"@type":"ImageObject","inLanguage":"en-US","@id":"http:\/\/elkom-olesno.pl\/?page_id=2#primaryimage","url":"http:\/\/elkom-olesno.pl\/wp-content\/uploads\/2026\/01\/strommast-3906852_1920.jpg","contentUrl":"http:\/\/elkom-olesno.pl\/wp-content\/uploads\/2026\/01\/strommast-3906852_1920.jpg","width":1920,"height":1183},{"@type":"BreadcrumbList","@id":"http:\/\/elkom-olesno.pl\/?page_id=2#breadcrumb","itemListElement":[{"@type":"ListItem","position":1,"name":"Strona g\u0142\u00f3wna","item":"http:\/\/elkom-olesno.pl\/"},{"@type":"ListItem","position":2,"name":"Oferta"}]},{"@type":"WebSite","@id":"http:\/\/elkom-olesno.pl\/#website","url":"http:\/\/elkom-olesno.pl\/","name":"ELKOM","description":"Projektowanie i realizacja sieci energetycznych","publisher":{"@id":"http:\/\/elkom-olesno.pl\/#organization"},"potentialAction":[{"@type":"SearchAction","target":{"@type":"EntryPoint","urlTemplate":"http:\/\/elkom-olesno.pl\/?s={search_term_string}"},"query-input":{"@type":"PropertyValueSpecification","valueRequired":true,"valueName":"search_term_string"}}],"inLanguage":"en-US"},{"@type":"Organization","@id":"http:\/\/elkom-olesno.pl\/#organization","name":"ELKOM","url":"http:\/\/elkom-olesno.pl\/","logo":{"@type":"ImageObject","inLanguage":"en-US","@id":"http:\/\/elkom-olesno.pl\/#\/schema\/logo\/image\/","url":"http:\/\/elkom-olesno.pl\/wp-content\/uploads\/2026\/01\/cropped-Logo-kontra-bez-tla.png","contentUrl":"http:\/\/elkom-olesno.pl\/wp-content\/uploads\/2026\/01\/cropped-Logo-kontra-bez-tla.png","width":1250,"height":250,"caption":"ELKOM"},"image":{"@id":"http:\/\/elkom-olesno.pl\/#\/schema\/logo\/image\/"}}]}},"uagb_featured_image_src":{"full":["http:\/\/elkom-olesno.pl\/wp-content\/uploads\/2026\/01\/strommast-3906852_1920.jpg",1920,1183,false],"thumbnail":["http:\/\/elkom-olesno.pl\/wp-content\/uploads\/2026\/01\/strommast-3906852_1920-150x150.jpg",150,150,true],"medium":["http:\/\/elkom-olesno.pl\/wp-content\/uploads\/2026\/01\/strommast-3906852_1920-300x185.jpg",300,185,true],"medium_large":["http:\/\/elkom-olesno.pl\/wp-content\/uploads\/2026\/01\/strommast-3906852_1920-768x473.jpg",525,323,true],"large":["http:\/\/elkom-olesno.pl\/wp-content\/uploads\/2026\/01\/strommast-3906852_1920-1024x631.jpg",525,324,true],"1536x1536":["http:\/\/elkom-olesno.pl\/wp-content\/uploads\/2026\/01\/strommast-3906852_1920-1536x946.jpg",1536,946,true],"2048x2048":["http:\/\/elkom-olesno.pl\/wp-content\/uploads\/2026\/01\/strommast-3906852_1920.jpg",1920,1183,false],"twentyseventeen-featured-image":["http:\/\/elkom-olesno.pl\/wp-content\/uploads\/2026\/01\/strommast-3906852_1920.jpg",1920,1183,false],"twentyseventeen-thumbnail-avatar":["http:\/\/elkom-olesno.pl\/wp-content\/uploads\/2026\/01\/strommast-3906852_1920-100x100.jpg",100,100,true]},"uagb_author_info":{"display_name":"admin","author_link":"http:\/\/elkom-olesno.pl\/?author=1"},"uagb_comment_info":0,"uagb_excerpt":"Nasza firma powsta\u0142a w 1991r. Od pocz\u0105tku istnienia jej celem jest \u015bwiadczenie us\u0142ug najwy\u017cszej jako\u015bci. Firma &#8220;ELKOM&#8221; specjalizuje si\u0119 w wykonywaniu projekt\u00f3w oraz rob\u00f3t elektrycznych w zakresie niskiego i \u015bredniego napi\u0119cia. W szczeg\u00f3lno\u015bci: sieci SN i nn kablowe (kable, z\u0142\u0105cza, mufy, szafki pomiarowe)-projektowanie i uzyskiwanie pozwole\u0144 prawnych dotycz\u0105cych budowy linii przesy\u0142owych i dystrybucyjnych-kompletowanie i dostawa&hellip;","_links":{"self":[{"href":"http:\/\/elkom-olesno.pl\/index.php?rest_route=\/wp\/v2\/pages\/2","targetHints":{"allow":["GET"]}}],"collection":[{"href":"http:\/\/elkom-olesno.pl\/index.php?rest_route=\/wp\/v2\/pages"}],"about":[{"href":"http:\/\/elkom-olesno.pl\/index.php?rest_route=\/wp\/v2\/types\/page"}],"author":[{"embeddable":true,"href":"http:\/\/elkom-olesno.pl\/index.php?rest_route=\/wp\/v2\/users\/1"}],"replies":[{"embeddable":true,"href":"http:\/\/elkom-olesno.pl\/index.php?rest_route=%2Fwp%2Fv2%2Fcomments&post=2"}],"version-history":[{"count":1,"href":"http:\/\/elkom-olesno.pl\/index.php?rest_route=\/wp\/v2\/pages\/2\/revisions"}],"predecessor-version":[{"id":114,"href":"http:\/\/elkom-olesno.pl\/index.php?rest_route=\/wp\/v2\/pages\/2\/revisions\/114"}],"wp:featuredmedia":[{"embeddable":true,"href":"http:\/\/elkom-olesno.pl\/index.php?rest_route=\/wp\/v2\/media\/113"}],"wp:attachment":[{"href":"http:\/\/elkom-olesno.pl\/index.php?rest_route=%2Fwp%2Fv2%2Fmedia&parent=2"}],"curies":[{"name":"wp","href":"https:\/\/api.w.org\/{rel}","templated":true}]}}