{"id":51,"date":"2026-01-21T10:26:57","date_gmt":"2026-01-21T09:26:57","guid":{"rendered":"http:\/\/elkom-olesno.pl\/?page_id=51"},"modified":"2026-01-21T10:49:52","modified_gmt":"2026-01-21T09:49:52","slug":"strona-glowna","status":"publish","type":"page","link":"http:\/\/elkom-olesno.pl\/","title":{"rendered":"Strona g\u0142\u00f3wna"},"content":{"rendered":"\n<p>Od ponad 30 lat projektujemy i wykonujemy sieci energetyczne. Zapraszamy do wsp\u00f3\u0142pracy.<\/p>\n\n\n\n<p><\/p>\n","protected":false},"excerpt":{"rendered":"<p>Od ponad 30 lat projektujemy i wykonujemy sieci energetyczne. Zapraszamy do wsp\u00f3\u0142pracy.<\/p>\n","protected":false},"author":1,"featured_media":0,"parent":0,"menu_order":0,"comment_status":"closed","ping_status":"closed","template":"","meta":{"_uag_custom_page_level_css":"","footnotes":""},"class_list":["post-51","page","type-page","status-publish","hentry"],"yoast_head":"<!-- This site is optimized with the Yoast SEO plugin v25.9 - https:\/\/yoast.com\/wordpress\/plugins\/seo\/ -->\n<title>Strona g\u0142\u00f3wna - ELKOM<\/title>\n<meta name=\"robots\" content=\"index, follow, max-snippet:-1, max-image-preview:large, max-video-preview:-1\" \/>\n<link rel=\"canonical\" href=\"http:\/\/elkom-olesno.pl\/\" \/>\n<meta property=\"og:locale\" content=\"en_US\" \/>\n<meta property=\"og:type\" content=\"article\" \/>\n<meta property=\"og:title\" content=\"Strona g\u0142\u00f3wna - ELKOM\" \/>\n<meta property=\"og:description\" content=\"Od ponad 30 lat projektujemy i wykonujemy sieci energetyczne. Zapraszamy do wsp\u00f3\u0142pracy.\" \/>\n<meta property=\"og:url\" content=\"http:\/\/elkom-olesno.pl\/\" \/>\n<meta property=\"og:site_name\" content=\"ELKOM\" \/>\n<meta property=\"article:modified_time\" content=\"2026-01-21T09:49:52+00:00\" \/>\n<meta name=\"twitter:card\" content=\"summary_large_image\" \/>\n<meta name=\"twitter:label1\" content=\"Est. reading time\" \/>\n\t<meta name=\"twitter:data1\" content=\"1 minute\" \/>\n<script type=\"application\/ld+json\" class=\"yoast-schema-graph\">{\"@context\":\"https:\/\/schema.org\",\"@graph\":[{\"@type\":\"WebPage\",\"@id\":\"http:\/\/elkom-olesno.pl\/\",\"url\":\"http:\/\/elkom-olesno.pl\/\",\"name\":\"Strona g\u0142\u00f3wna - ELKOM\",\"isPartOf\":{\"@id\":\"https:\/\/elkom-olesno.pl\/#website\"},\"datePublished\":\"2026-01-21T09:26:57+00:00\",\"dateModified\":\"2026-01-21T09:49:52+00:00\",\"breadcrumb\":{\"@id\":\"http:\/\/elkom-olesno.pl\/#breadcrumb\"},\"inLanguage\":\"en-US\",\"potentialAction\":[{\"@type\":\"ReadAction\",\"target\":[\"http:\/\/elkom-olesno.pl\/\"]}]},{\"@type\":\"BreadcrumbList\",\"@id\":\"http:\/\/elkom-olesno.pl\/#breadcrumb\",\"itemListElement\":[{\"@type\":\"ListItem\",\"position\":1,\"name\":\"Strona g\u0142\u00f3wna\",\"item\":\"http:\/\/elkom-olesno.pl\/\"},{\"@type\":\"ListItem\",\"position\":2,\"name\":\"Strona g\u0142\u00f3wna\"}]},{\"@type\":\"WebSite\",\"@id\":\"https:\/\/elkom-olesno.pl\/#website\",\"url\":\"https:\/\/elkom-olesno.pl\/\",\"name\":\"ELKOM\",\"description\":\"Projektowanie i realizacja sieci energetycznych\",\"publisher\":{\"@id\":\"https:\/\/elkom-olesno.pl\/#organization\"},\"potentialAction\":[{\"@type\":\"SearchAction\",\"target\":{\"@type\":\"EntryPoint\",\"urlTemplate\":\"https:\/\/elkom-olesno.pl\/?s={search_term_string}\"},\"query-input\":{\"@type\":\"PropertyValueSpecification\",\"valueRequired\":true,\"valueName\":\"search_term_string\"}}],\"inLanguage\":\"en-US\"},{\"@type\":\"Organization\",\"@id\":\"https:\/\/elkom-olesno.pl\/#organization\",\"name\":\"ELKOM\",\"url\":\"https:\/\/elkom-olesno.pl\/\",\"logo\":{\"@type\":\"ImageObject\",\"inLanguage\":\"en-US\",\"@id\":\"https:\/\/elkom-olesno.pl\/#\/schema\/logo\/image\/\",\"url\":\"http:\/\/elkom-olesno.pl\/wp-content\/uploads\/2026\/01\/cropped-Logo-kontra-bez-tla.png\",\"contentUrl\":\"http:\/\/elkom-olesno.pl\/wp-content\/uploads\/2026\/01\/cropped-Logo-kontra-bez-tla.png\",\"width\":1250,\"height\":250,\"caption\":\"ELKOM\"},\"image\":{\"@id\":\"https:\/\/elkom-olesno.pl\/#\/schema\/logo\/image\/\"}}]}<\/script>\n<!-- \/ Yoast SEO plugin. -->","yoast_head_json":{"title":"Strona g\u0142\u00f3wna - ELKOM","robots":{"index":"index","follow":"follow","max-snippet":"max-snippet:-1","max-image-preview":"max-image-preview:large","max-video-preview":"max-video-preview:-1"},"canonical":"http:\/\/elkom-olesno.pl\/","og_locale":"en_US","og_type":"article","og_title":"Strona g\u0142\u00f3wna - ELKOM","og_description":"Od ponad 30 lat projektujemy i wykonujemy sieci energetyczne. Zapraszamy do wsp\u00f3\u0142pracy.","og_url":"http:\/\/elkom-olesno.pl\/","og_site_name":"ELKOM","article_modified_time":"2026-01-21T09:49:52+00:00","twitter_card":"summary_large_image","twitter_misc":{"Est. reading time":"1 minute"},"schema":{"@context":"https:\/\/schema.org","@graph":[{"@type":"WebPage","@id":"http:\/\/elkom-olesno.pl\/","url":"http:\/\/elkom-olesno.pl\/","name":"Strona g\u0142\u00f3wna - ELKOM","isPartOf":{"@id":"https:\/\/elkom-olesno.pl\/#website"},"datePublished":"2026-01-21T09:26:57+00:00","dateModified":"2026-01-21T09:49:52+00:00","breadcrumb":{"@id":"http:\/\/elkom-olesno.pl\/#breadcrumb"},"inLanguage":"en-US","potentialAction":[{"@type":"ReadAction","target":["http:\/\/elkom-olesno.pl\/"]}]},{"@type":"BreadcrumbList","@id":"http:\/\/elkom-olesno.pl\/#breadcrumb","itemListElement":[{"@type":"ListItem","position":1,"name":"Strona g\u0142\u00f3wna","item":"http:\/\/elkom-olesno.pl\/"},{"@type":"ListItem","position":2,"name":"Strona g\u0142\u00f3wna"}]},{"@type":"WebSite","@id":"https:\/\/elkom-olesno.pl\/#website","url":"https:\/\/elkom-olesno.pl\/","name":"ELKOM","description":"Projektowanie i realizacja sieci energetycznych","publisher":{"@id":"https:\/\/elkom-olesno.pl\/#organization"},"potentialAction":[{"@type":"SearchAction","target":{"@type":"EntryPoint","urlTemplate":"https:\/\/elkom-olesno.pl\/?s={search_term_string}"},"query-input":{"@type":"PropertyValueSpecification","valueRequired":true,"valueName":"search_term_string"}}],"inLanguage":"en-US"},{"@type":"Organization","@id":"https:\/\/elkom-olesno.pl\/#organization","name":"ELKOM","url":"https:\/\/elkom-olesno.pl\/","logo":{"@type":"ImageObject","inLanguage":"en-US","@id":"https:\/\/elkom-olesno.pl\/#\/schema\/logo\/image\/","url":"http:\/\/elkom-olesno.pl\/wp-content\/uploads\/2026\/01\/cropped-Logo-kontra-bez-tla.png","contentUrl":"http:\/\/elkom-olesno.pl\/wp-content\/uploads\/2026\/01\/cropped-Logo-kontra-bez-tla.png","width":1250,"height":250,"caption":"ELKOM"},"image":{"@id":"https:\/\/elkom-olesno.pl\/#\/schema\/logo\/image\/"}}]}},"uagb_featured_image_src":{"full":false,"thumbnail":false,"medium":false,"medium_large":false,"large":false,"1536x1536":false,"2048x2048":false,"twentyseventeen-featured-image":false,"twentyseventeen-thumbnail-avatar":false},"uagb_author_info":{"display_name":"admin","author_link":"http:\/\/elkom-olesno.pl\/?author=1"},"uagb_comment_info":0,"uagb_excerpt":"Od ponad 30 lat projektujemy i wykonujemy sieci energetyczne. Zapraszamy do wsp\u00f3\u0142pracy.","_links":{"self":[{"href":"http:\/\/elkom-olesno.pl\/index.php?rest_route=\/wp\/v2\/pages\/51","targetHints":{"allow":["GET"]}}],"collection":[{"href":"http:\/\/elkom-olesno.pl\/index.php?rest_route=\/wp\/v2\/pages"}],"about":[{"href":"http:\/\/elkom-olesno.pl\/index.php?rest_route=\/wp\/v2\/types\/page"}],"author":[{"embeddable":true,"href":"http:\/\/elkom-olesno.pl\/index.php?rest_route=\/wp\/v2\/users\/1"}],"replies":[{"embeddable":true,"href":"http:\/\/elkom-olesno.pl\/index.php?rest_route=%2Fwp%2Fv2%2Fcomments&post=51"}],"version-history":[{"count":2,"href":"http:\/\/elkom-olesno.pl\/index.php?rest_route=\/wp\/v2\/pages\/51\/revisions"}],"predecessor-version":[{"id":85,"href":"http:\/\/elkom-olesno.pl\/index.php?rest_route=\/wp\/v2\/pages\/51\/revisions\/85"}],"wp:attachment":[{"href":"http:\/\/elkom-olesno.pl\/index.php?rest_route=%2Fwp%2Fv2%2Fmedia&parent=51"}],"curies":[{"name":"wp","href":"https:\/\/api.w.org\/{rel}","templated":true}]}}