{"id":52,"date":"2026-01-21T10:26:57","date_gmt":"2026-01-21T09:26:57","guid":{"rendered":"http:\/\/elkom-olesno.pl\/?page_id=52"},"modified":"2026-01-21T10:57:37","modified_gmt":"2026-01-21T09:57:37","slug":"informacje","status":"publish","type":"page","link":"http:\/\/elkom-olesno.pl\/?page_id=52","title":{"rendered":"O nas"},"content":{"rendered":"\n<p class=\"has-text-align-left\">Firma ELKOM \u015bwiadczy us\u0142ugi w zakresie wykonawczym i projektowym w bran\u017cy elektroenergetycznej. Wieloletnie do\u015bwiadczenie i doskona\u0142a znajomo\u015b\u0107 tematyki pozwala na kompleksowe zaspokajanie potrzeb naszych klient\u00f3w, a dzi\u0119ki szerokiemu zakresowi oferowanych przez nas us\u0142ug szybko i skutecznie rozwi\u0105zujemy problemy naszych kontrahent\u00f3w.<\/p>\n\n\n\n<p class=\"has-text-align-left\">Zatrudniamy zdolnych i do\u015bwiadczonych pracownik\u00f3w, kt\u00f3rzy poza wykonywaniem swoich obowi\u0105zk\u00f3w ca\u0142y czas poszerzaj\u0105 swoj\u0105 wiedz\u0119 uczestnicz\u0105c w szkoleniach bran\u017cowych. Nasi pracownicy posiadaj\u0105 wykszta\u0142cenie teoretyczne oraz \u00a0praktyczne umiej\u0119tno\u015bci, co zapewnia rzeteln\u0105 realizacj\u0119 zleconych prac. Dzia\u0142alno\u015b\u0107 prowadzimy na terenie ca\u0142ej Polski.<\/p>\n\n\n\n<p class=\"has-text-align-left\"><strong>Zapraszamy do wsp\u00f3\u0142pracy.<\/strong><\/p>\n\n\n\n<p><\/p>\n","protected":false},"excerpt":{"rendered":"<p>Firma ELKOM \u015bwiadczy us\u0142ugi w zakresie wykonawczym i projektowym w bran\u017cy elektroenergetycznej. Wieloletnie do\u015bwiadczenie i doskona\u0142a znajomo\u015b\u0107 tematyki pozwala na kompleksowe zaspokajanie potrzeb naszych klient\u00f3w, a dzi\u0119ki szerokiemu zakresowi oferowanych przez nas us\u0142ug szybko i skutecznie rozwi\u0105zujemy problemy naszych kontrahent\u00f3w. Zatrudniamy zdolnych i do\u015bwiadczonych pracownik\u00f3w, kt\u00f3rzy poza wykonywaniem swoich obowi\u0105zk\u00f3w ca\u0142y czas poszerzaj\u0105 swoj\u0105 wiedz\u0119 &hellip; <\/p>\n<p class=\"link-more\"><a href=\"http:\/\/elkom-olesno.pl\/?page_id=52\" class=\"more-link\">Continue reading<span class=\"screen-reader-text\"> &#8220;O nas&#8221;<\/span><\/a><\/p>\n","protected":false},"author":1,"featured_media":89,"parent":0,"menu_order":0,"comment_status":"closed","ping_status":"closed","template":"","meta":{"_uag_custom_page_level_css":"","footnotes":""},"class_list":["post-52","page","type-page","status-publish","has-post-thumbnail","hentry"],"yoast_head":"<!-- This site is optimized with the Yoast SEO plugin v25.9 - https:\/\/yoast.com\/wordpress\/plugins\/seo\/ -->\n<title>O nas - ELKOM<\/title>\n<meta name=\"robots\" content=\"index, follow, max-snippet:-1, max-image-preview:large, max-video-preview:-1\" \/>\n<link rel=\"canonical\" href=\"http:\/\/elkom-olesno.pl\/?page_id=52\" \/>\n<meta property=\"og:locale\" content=\"en_US\" \/>\n<meta property=\"og:type\" content=\"article\" \/>\n<meta property=\"og:title\" content=\"O nas - ELKOM\" \/>\n<meta property=\"og:description\" content=\"Firma ELKOM \u015bwiadczy us\u0142ugi w zakresie wykonawczym i projektowym w bran\u017cy elektroenergetycznej. Wieloletnie do\u015bwiadczenie i doskona\u0142a znajomo\u015b\u0107 tematyki pozwala na kompleksowe zaspokajanie potrzeb naszych klient\u00f3w, a dzi\u0119ki szerokiemu zakresowi oferowanych przez nas us\u0142ug szybko i skutecznie rozwi\u0105zujemy problemy naszych kontrahent\u00f3w. Zatrudniamy zdolnych i do\u015bwiadczonych pracownik\u00f3w, kt\u00f3rzy poza wykonywaniem swoich obowi\u0105zk\u00f3w ca\u0142y czas poszerzaj\u0105 swoj\u0105 wiedz\u0119 &hellip; Continue reading &quot;O nas&quot;\" \/>\n<meta property=\"og:url\" content=\"http:\/\/elkom-olesno.pl\/?page_id=52\" \/>\n<meta property=\"og:site_name\" content=\"ELKOM\" \/>\n<meta property=\"article:modified_time\" content=\"2026-01-21T09:57:37+00:00\" \/>\n<meta property=\"og:image\" content=\"http:\/\/elkom-olesno.pl\/wp-content\/uploads\/2026\/01\/electric-4198293_1920.jpg\" \/>\n\t<meta property=\"og:image:width\" content=\"1920\" \/>\n\t<meta property=\"og:image:height\" content=\"1280\" \/>\n\t<meta property=\"og:image:type\" content=\"image\/jpeg\" \/>\n<meta name=\"twitter:card\" content=\"summary_large_image\" \/>\n<meta name=\"twitter:label1\" content=\"Est. reading time\" \/>\n\t<meta name=\"twitter:data1\" content=\"1 minute\" \/>\n<script type=\"application\/ld+json\" class=\"yoast-schema-graph\">{\"@context\":\"https:\/\/schema.org\",\"@graph\":[{\"@type\":\"WebPage\",\"@id\":\"http:\/\/elkom-olesno.pl\/?page_id=52\",\"url\":\"http:\/\/elkom-olesno.pl\/?page_id=52\",\"name\":\"O nas - ELKOM\",\"isPartOf\":{\"@id\":\"http:\/\/elkom-olesno.pl\/#website\"},\"primaryImageOfPage\":{\"@id\":\"http:\/\/elkom-olesno.pl\/?page_id=52#primaryimage\"},\"image\":{\"@id\":\"http:\/\/elkom-olesno.pl\/?page_id=52#primaryimage\"},\"thumbnailUrl\":\"http:\/\/elkom-olesno.pl\/wp-content\/uploads\/2026\/01\/electric-4198293_1920.jpg\",\"datePublished\":\"2026-01-21T09:26:57+00:00\",\"dateModified\":\"2026-01-21T09:57:37+00:00\",\"breadcrumb\":{\"@id\":\"http:\/\/elkom-olesno.pl\/?page_id=52#breadcrumb\"},\"inLanguage\":\"en-US\",\"potentialAction\":[{\"@type\":\"ReadAction\",\"target\":[\"http:\/\/elkom-olesno.pl\/?page_id=52\"]}]},{\"@type\":\"ImageObject\",\"inLanguage\":\"en-US\",\"@id\":\"http:\/\/elkom-olesno.pl\/?page_id=52#primaryimage\",\"url\":\"http:\/\/elkom-olesno.pl\/wp-content\/uploads\/2026\/01\/electric-4198293_1920.jpg\",\"contentUrl\":\"http:\/\/elkom-olesno.pl\/wp-content\/uploads\/2026\/01\/electric-4198293_1920.jpg\",\"width\":1920,\"height\":1280},{\"@type\":\"BreadcrumbList\",\"@id\":\"http:\/\/elkom-olesno.pl\/?page_id=52#breadcrumb\",\"itemListElement\":[{\"@type\":\"ListItem\",\"position\":1,\"name\":\"Strona g\u0142\u00f3wna\",\"item\":\"http:\/\/elkom-olesno.pl\/\"},{\"@type\":\"ListItem\",\"position\":2,\"name\":\"O nas\"}]},{\"@type\":\"WebSite\",\"@id\":\"http:\/\/elkom-olesno.pl\/#website\",\"url\":\"http:\/\/elkom-olesno.pl\/\",\"name\":\"ELKOM\",\"description\":\"Projektowanie i realizacja sieci energetycznych\",\"publisher\":{\"@id\":\"http:\/\/elkom-olesno.pl\/#organization\"},\"potentialAction\":[{\"@type\":\"SearchAction\",\"target\":{\"@type\":\"EntryPoint\",\"urlTemplate\":\"http:\/\/elkom-olesno.pl\/?s={search_term_string}\"},\"query-input\":{\"@type\":\"PropertyValueSpecification\",\"valueRequired\":true,\"valueName\":\"search_term_string\"}}],\"inLanguage\":\"en-US\"},{\"@type\":\"Organization\",\"@id\":\"http:\/\/elkom-olesno.pl\/#organization\",\"name\":\"ELKOM\",\"url\":\"http:\/\/elkom-olesno.pl\/\",\"logo\":{\"@type\":\"ImageObject\",\"inLanguage\":\"en-US\",\"@id\":\"http:\/\/elkom-olesno.pl\/#\/schema\/logo\/image\/\",\"url\":\"http:\/\/elkom-olesno.pl\/wp-content\/uploads\/2026\/01\/cropped-Logo-kontra-bez-tla.png\",\"contentUrl\":\"http:\/\/elkom-olesno.pl\/wp-content\/uploads\/2026\/01\/cropped-Logo-kontra-bez-tla.png\",\"width\":1250,\"height\":250,\"caption\":\"ELKOM\"},\"image\":{\"@id\":\"http:\/\/elkom-olesno.pl\/#\/schema\/logo\/image\/\"}}]}<\/script>\n<!-- \/ Yoast SEO plugin. -->","yoast_head_json":{"title":"O nas - ELKOM","robots":{"index":"index","follow":"follow","max-snippet":"max-snippet:-1","max-image-preview":"max-image-preview:large","max-video-preview":"max-video-preview:-1"},"canonical":"http:\/\/elkom-olesno.pl\/?page_id=52","og_locale":"en_US","og_type":"article","og_title":"O nas - ELKOM","og_description":"Firma ELKOM \u015bwiadczy us\u0142ugi w zakresie wykonawczym i projektowym w bran\u017cy elektroenergetycznej. Wieloletnie do\u015bwiadczenie i doskona\u0142a znajomo\u015b\u0107 tematyki pozwala na kompleksowe zaspokajanie potrzeb naszych klient\u00f3w, a dzi\u0119ki szerokiemu zakresowi oferowanych przez nas us\u0142ug szybko i skutecznie rozwi\u0105zujemy problemy naszych kontrahent\u00f3w. Zatrudniamy zdolnych i do\u015bwiadczonych pracownik\u00f3w, kt\u00f3rzy poza wykonywaniem swoich obowi\u0105zk\u00f3w ca\u0142y czas poszerzaj\u0105 swoj\u0105 wiedz\u0119 &hellip; Continue reading \"O nas\"","og_url":"http:\/\/elkom-olesno.pl\/?page_id=52","og_site_name":"ELKOM","article_modified_time":"2026-01-21T09:57:37+00:00","og_image":[{"width":1920,"height":1280,"url":"http:\/\/elkom-olesno.pl\/wp-content\/uploads\/2026\/01\/electric-4198293_1920.jpg","type":"image\/jpeg"}],"twitter_card":"summary_large_image","twitter_misc":{"Est. reading time":"1 minute"},"schema":{"@context":"https:\/\/schema.org","@graph":[{"@type":"WebPage","@id":"http:\/\/elkom-olesno.pl\/?page_id=52","url":"http:\/\/elkom-olesno.pl\/?page_id=52","name":"O nas - ELKOM","isPartOf":{"@id":"http:\/\/elkom-olesno.pl\/#website"},"primaryImageOfPage":{"@id":"http:\/\/elkom-olesno.pl\/?page_id=52#primaryimage"},"image":{"@id":"http:\/\/elkom-olesno.pl\/?page_id=52#primaryimage"},"thumbnailUrl":"http:\/\/elkom-olesno.pl\/wp-content\/uploads\/2026\/01\/electric-4198293_1920.jpg","datePublished":"2026-01-21T09:26:57+00:00","dateModified":"2026-01-21T09:57:37+00:00","breadcrumb":{"@id":"http:\/\/elkom-olesno.pl\/?page_id=52#breadcrumb"},"inLanguage":"en-US","potentialAction":[{"@type":"ReadAction","target":["http:\/\/elkom-olesno.pl\/?page_id=52"]}]},{"@type":"ImageObject","inLanguage":"en-US","@id":"http:\/\/elkom-olesno.pl\/?page_id=52#primaryimage","url":"http:\/\/elkom-olesno.pl\/wp-content\/uploads\/2026\/01\/electric-4198293_1920.jpg","contentUrl":"http:\/\/elkom-olesno.pl\/wp-content\/uploads\/2026\/01\/electric-4198293_1920.jpg","width":1920,"height":1280},{"@type":"BreadcrumbList","@id":"http:\/\/elkom-olesno.pl\/?page_id=52#breadcrumb","itemListElement":[{"@type":"ListItem","position":1,"name":"Strona g\u0142\u00f3wna","item":"http:\/\/elkom-olesno.pl\/"},{"@type":"ListItem","position":2,"name":"O nas"}]},{"@type":"WebSite","@id":"http:\/\/elkom-olesno.pl\/#website","url":"http:\/\/elkom-olesno.pl\/","name":"ELKOM","description":"Projektowanie i realizacja sieci energetycznych","publisher":{"@id":"http:\/\/elkom-olesno.pl\/#organization"},"potentialAction":[{"@type":"SearchAction","target":{"@type":"EntryPoint","urlTemplate":"http:\/\/elkom-olesno.pl\/?s={search_term_string}"},"query-input":{"@type":"PropertyValueSpecification","valueRequired":true,"valueName":"search_term_string"}}],"inLanguage":"en-US"},{"@type":"Organization","@id":"http:\/\/elkom-olesno.pl\/#organization","name":"ELKOM","url":"http:\/\/elkom-olesno.pl\/","logo":{"@type":"ImageObject","inLanguage":"en-US","@id":"http:\/\/elkom-olesno.pl\/#\/schema\/logo\/image\/","url":"http:\/\/elkom-olesno.pl\/wp-content\/uploads\/2026\/01\/cropped-Logo-kontra-bez-tla.png","contentUrl":"http:\/\/elkom-olesno.pl\/wp-content\/uploads\/2026\/01\/cropped-Logo-kontra-bez-tla.png","width":1250,"height":250,"caption":"ELKOM"},"image":{"@id":"http:\/\/elkom-olesno.pl\/#\/schema\/logo\/image\/"}}]}},"uagb_featured_image_src":{"full":["http:\/\/elkom-olesno.pl\/wp-content\/uploads\/2026\/01\/electric-4198293_1920.jpg",1920,1280,false],"thumbnail":["http:\/\/elkom-olesno.pl\/wp-content\/uploads\/2026\/01\/electric-4198293_1920-150x150.jpg",150,150,true],"medium":["http:\/\/elkom-olesno.pl\/wp-content\/uploads\/2026\/01\/electric-4198293_1920-300x200.jpg",300,200,true],"medium_large":["http:\/\/elkom-olesno.pl\/wp-content\/uploads\/2026\/01\/electric-4198293_1920-768x512.jpg",525,350,true],"large":["http:\/\/elkom-olesno.pl\/wp-content\/uploads\/2026\/01\/electric-4198293_1920-1024x683.jpg",525,350,true],"1536x1536":["http:\/\/elkom-olesno.pl\/wp-content\/uploads\/2026\/01\/electric-4198293_1920-1536x1024.jpg",1536,1024,true],"2048x2048":["http:\/\/elkom-olesno.pl\/wp-content\/uploads\/2026\/01\/electric-4198293_1920.jpg",1920,1280,false],"twentyseventeen-featured-image":["http:\/\/elkom-olesno.pl\/wp-content\/uploads\/2026\/01\/electric-4198293_1920-1920x1200.jpg",1920,1200,true],"twentyseventeen-thumbnail-avatar":["http:\/\/elkom-olesno.pl\/wp-content\/uploads\/2026\/01\/electric-4198293_1920-100x100.jpg",100,100,true]},"uagb_author_info":{"display_name":"admin","author_link":"http:\/\/elkom-olesno.pl\/?author=1"},"uagb_comment_info":0,"uagb_excerpt":"Firma ELKOM \u015bwiadczy us\u0142ugi w zakresie wykonawczym i projektowym w bran\u017cy elektroenergetycznej. Wieloletnie do\u015bwiadczenie i doskona\u0142a znajomo\u015b\u0107 tematyki pozwala na kompleksowe zaspokajanie potrzeb naszych klient\u00f3w, a dzi\u0119ki szerokiemu zakresowi oferowanych przez nas us\u0142ug szybko i skutecznie rozwi\u0105zujemy problemy naszych kontrahent\u00f3w. Zatrudniamy zdolnych i do\u015bwiadczonych pracownik\u00f3w, kt\u00f3rzy poza wykonywaniem swoich obowi\u0105zk\u00f3w ca\u0142y czas poszerzaj\u0105 swoj\u0105 wiedz\u0119&hellip;","_links":{"self":[{"href":"http:\/\/elkom-olesno.pl\/index.php?rest_route=\/wp\/v2\/pages\/52","targetHints":{"allow":["GET"]}}],"collection":[{"href":"http:\/\/elkom-olesno.pl\/index.php?rest_route=\/wp\/v2\/pages"}],"about":[{"href":"http:\/\/elkom-olesno.pl\/index.php?rest_route=\/wp\/v2\/types\/page"}],"author":[{"embeddable":true,"href":"http:\/\/elkom-olesno.pl\/index.php?rest_route=\/wp\/v2\/users\/1"}],"replies":[{"embeddable":true,"href":"http:\/\/elkom-olesno.pl\/index.php?rest_route=%2Fwp%2Fv2%2Fcomments&post=52"}],"version-history":[{"count":4,"href":"http:\/\/elkom-olesno.pl\/index.php?rest_route=\/wp\/v2\/pages\/52\/revisions"}],"predecessor-version":[{"id":93,"href":"http:\/\/elkom-olesno.pl\/index.php?rest_route=\/wp\/v2\/pages\/52\/revisions\/93"}],"wp:featuredmedia":[{"embeddable":true,"href":"http:\/\/elkom-olesno.pl\/index.php?rest_route=\/wp\/v2\/media\/89"}],"wp:attachment":[{"href":"http:\/\/elkom-olesno.pl\/index.php?rest_route=%2Fwp%2Fv2%2Fmedia&parent=52"}],"curies":[{"name":"wp","href":"https:\/\/api.w.org\/{rel}","templated":true}]}}