{"id":81,"date":"2026-01-21T10:45:24","date_gmt":"2026-01-21T09:45:24","guid":{"rendered":"http:\/\/elkom-olesno.pl\/?page_id=81"},"modified":"2026-01-21T11:22:02","modified_gmt":"2026-01-21T10:22:02","slug":"realizacje","status":"publish","type":"page","link":"http:\/\/elkom-olesno.pl\/?page_id=81","title":{"rendered":"Realizacje"},"content":{"rendered":"\n<p>Budowane wiele lat do\u015bwiadczenie naszej Firmy gwarantuje najwy\u017csz\u0105 jako\u015b\u0107 dostarczanych us\u0142ug. W trakcie naszej dzia\u0142alno\u015bci realizowali\u015bmy inwestycje w wielu rejonach Polski, a obecnie koncentrujemy si\u0119 na rynku dolno\u015bl\u0105skim. Prezentujemy kilka spo\u015br\u00f3d tysi\u0119cy realizacji wykonanych przez nasz\u0105 firm\u0119:<\/p>\n\n\n\n<p><strong>Budowa sieci kablowej i o\u015bwietlenia wok\u00f3\u0142 Dworca G\u0142\u00f3wnego we Wroc\u0142awiu<\/strong><\/p>\n\n\n\n<p>Dzi\u0119ki naszym dzia\u0142aniom Dworzec G\u0142\u00f3wny sta\u0142 si\u0119 bardziej o\u015bwietlony a podr\u00f3\u017cni poczuli si\u0119 bezpieczniej.<\/p>\n\n\n\n<p><strong>Wykonanie projektu oraz budowa linii kablowych SN, z\u0142\u0105cz SN i kanalizacji \u015bwiat\u0142owodowej w celu zasilania Nowego Terminala Lotniska Wroc\u0142awskiego<\/strong><\/p>\n\n\n\n<p>Inwestycja polega\u0142a na zaprojektowaniu i wybudowaniu linii kablowej SN oraz linii \u015bwiat\u0142owodowej od GPZ Le\u015bnica do projektowanego z\u0142\u0105cza przy Nowym Terminalu Lotniska Wroc\u0142awskiego o d\u0142ugo\u015bci 8 kilometr\u00f3w, oraz linii kablowej SN od GPZ Pilczyce do projektowanego z\u0142\u0105cza przy Nowym Terminalu Lotniska Wroc\u0142awskiego o d\u0142ugo\u015bci 5 kilometr\u00f3w. Mi\u0142o nam, \u017ce przyczynili\u015bmy si\u0119 do tego, \u017ce Wroc\u0142aw ma lepsze po\u0142\u0105czenie ze \u015bwiatem.<\/p>\n\n\n\n<p><strong>Wykonanie projektu oraz budowa linii kablowych SN oraz z\u0142\u0105cz SN\u00a0 w celu zasilania w energi\u0119 elektryczn\u0105 Wroc\u0142awskiego Centrum Bada\u0144 EIT+<\/strong><\/p>\n\n\n\n<p>Inwestycja polega\u0142a na zaprojektowaniu i wybudowaniu linii kablowej SN od GPZ Le\u015bnica do projektowanego z\u0142\u0105cza przy Wroc\u0142awskim Centrum Bada\u0144 EIT+ przy ul. Stab\u0142owickiej o d\u0142ugo\u015bci 6 kilometr\u00f3w. Mamy sw\u00f3j udzia\u0142 w tym, \u017ce innowacje powstaj\u0105 we Wroc\u0142awiu.<\/p>\n\n\n\n<p><strong>Budowa linii kablowych SN oraz z\u0142\u0105cz SN\u00a0 w celu zasilania nowych budynk\u00f3w Akademii Medycznej przy ul. Borowskiej we Wroc\u0142awiu<\/strong><\/p>\n\n\n\n<p>Inwestycja polega\u0142a na budowie 2 linii kablowych SN od GPZ Wieczysta do projektowanych z\u0142\u0105cz przy ul. Spiskiej we Wroc\u0142awiu o d\u0142ugo\u015bci 2,5 kilometra. Zdrowie ponad wszystko.<\/p>\n\n\n\n<p><strong>Budowa linii kablowych SN oraz z\u0142\u0105cz SN\u00a0 w celu zasilania O\u015brodka Innowacji i Transferu Technologii w zakresie e-zdrowia przy ul. Borowskiej we Wroc\u0142awiu<\/strong><\/p>\n\n\n\n<p>Inwestycja polega\u0142a na budowie 3 linii kablowych SN od GPZ Wieczysta do projektowanych z\u0142\u0105cz przy ul. Spiskiej we Wroc\u0142awiu o d\u0142ugo\u015bci 3,5 kilometra. Zdrowie ponad wszystko.<\/p>\n\n\n\n<p><strong>Budowa linii kablowych SN, z\u0142\u0105cz SN i kanalizacji \u015bwiat\u0142owodowej w celu zasilania przedsi\u0119biorstwa STANDIS POLSKA Sp. z o.o. oraz ERGIS-EUROFILMS S.A. w O\u0142awie<\/strong><\/p>\n\n\n\n<p>Inwestycja polega\u0142a na wybudowaniu linii kablowej SN oraz linii \u015bwiat\u0142owodowej od GPZ przy ul. Kili\u0144skiego w O\u0142awie przez projektowane z\u0142\u0105cza przy przedsi\u0119biorstwie STANDIS POLSKA Sp. z o.o. do GPZ Rybacka o d\u0142ugo\u015bci 3,5 kilometra, oraz linii kablowej SN od GPZ przy ul. Kili\u0144skiego w O\u0142awie do projektowanego z\u0142\u0105cza przy przedsi\u0119biorstwie ERGIS-EUROFILMS S.A. \u00a0o d\u0142ugo\u015bci 3 kilometr\u00f3w. Zasilonym firmom \u017cyczymy sukces\u00f3w.<\/p>\n\n\n\n<p><strong>Budowa linii kablowych SN oraz z\u0142\u0105cz SN w celu zasilania\u00a0 nowego sklepu IKEA na Bielanach Wroc\u0142awskich<\/strong><\/p>\n\n\n\n<p>Inwestycja polega\u0142a na budowie 2 linii kablowych SN do projektowanych z\u0142\u0105czy przy sklepie IKEA we Wroc\u0142awiu. Zasilili\u015bmy najwi\u0119kszy sklep IKEA w Polsce.<\/p>\n\n\n\n<p><strong>Remont linii napowietrznej SN relacji Ole\u015bnica \u2013 Bierut\u00f3w<\/strong><\/p>\n\n\n\n<p>Inwestycja polega\u0142a na remoncie b\u0105d\u017a wymianie na nowe 696 s\u0142up\u00f3w SN oraz wymianie oko\u0142o 60 kilometr\u00f3w przewod\u00f3w linii napowietrznej SN.<\/p>\n\n\n\n<p><strong>Remont linii napowietrznej SN relacji Ole\u015bnica \u2013 Ostrowina<\/strong><\/p>\n\n\n\n<p>Inwestycja polega\u0142a na remoncie b\u0105d\u017a wymianie na nowe 656 s\u0142up\u00f3w SN oraz oko\u0142o 60 kilometr\u00f3w przewod\u00f3w napowietrznych SN.<\/p>\n\n\n\n<p><strong>Remont linii napowietrznej SN Twardog\u00f3ra \u2013 Dr\u0105g\u00f3w \u2013 Goszcz \u2013 Kr\u00f3lewska Wola<\/strong><\/p>\n\n\n\n<p>Inwestycja polega\u0142a na remoncie b\u0105d\u017a wymianie na nowe 100 s\u0142up\u00f3w SN,\u00a0 oko\u0142o 10 kilometr\u00f3w przewod\u00f3w napowietrznych SN, oraz budowie 3 kilometr\u00f3w linii kablowej SN.<\/p>\n\n\n\n<p><strong>Remont linii napowietrznej SN relacji Wa\u0142y \u2013 Wo\u0142\u00f3w<\/strong><\/p>\n\n\n\n<p>Inwestycja polega\u0142a na remoncie b\u0105d\u017a wymianie na nowe 100 s\u0142up\u00f3w SN,\u00a0 oko\u0142o 10 kilometr\u00f3w przewod\u00f3w napowietrznych SN, oraz budowie 3 kilometr\u00f3w linii kablowej SN.<\/p>\n\n\n\n<p><strong>Remont linii napowietrznej nn w Piskorzynie \u2013 zakres ca\u0142ej miejscowo\u015bci<\/strong><\/p>\n\n\n\n<p>Inwestycja polega\u0142a na remoncie b\u0105d\u017a wymianie na nowe 65 s\u0142up\u00f3w nn oraz oko\u0142o 5 kilometr\u00f3w przewod\u00f3w napowietrznych nn.<\/p>\n\n\n\n<p><strong>Budowa instalacji wewn\u0119trznej hali produkcyjnej w Brzegu.<\/strong><\/p>\n\n\n\n<p>\u017byczymy udanej produkcji.<\/p>\n\n\n\n<p><strong>Poza tym budowa zasilania wielu inwestycji biurowych, mieszkaniowych, magazyn\u00f3w, hal produkcyjnych oraz remonty linii napowietrznych SN i nn.<\/strong><\/p>\n\n\n\n<p><\/p>\n","protected":false},"excerpt":{"rendered":"<p>Budowane wiele lat do\u015bwiadczenie naszej Firmy gwarantuje najwy\u017csz\u0105 jako\u015b\u0107 dostarczanych us\u0142ug. W trakcie naszej dzia\u0142alno\u015bci realizowali\u015bmy inwestycje w wielu rejonach Polski, a obecnie koncentrujemy si\u0119 na rynku dolno\u015bl\u0105skim. Prezentujemy kilka spo\u015br\u00f3d tysi\u0119cy realizacji wykonanych przez nasz\u0105 firm\u0119: Budowa sieci kablowej i o\u015bwietlenia wok\u00f3\u0142 Dworca G\u0142\u00f3wnego we Wroc\u0142awiu Dzi\u0119ki naszym dzia\u0142aniom Dworzec G\u0142\u00f3wny sta\u0142 si\u0119 bardziej &hellip; <\/p>\n<p class=\"link-more\"><a href=\"http:\/\/elkom-olesno.pl\/?page_id=81\" class=\"more-link\">Continue reading<span class=\"screen-reader-text\"> &#8220;Realizacje&#8221;<\/span><\/a><\/p>\n","protected":false},"author":1,"featured_media":94,"parent":0,"menu_order":0,"comment_status":"closed","ping_status":"closed","template":"","meta":{"_uag_custom_page_level_css":"","footnotes":""},"class_list":["post-81","page","type-page","status-publish","has-post-thumbnail","hentry"],"yoast_head":"<!-- This site is optimized with the Yoast SEO plugin v25.9 - https:\/\/yoast.com\/wordpress\/plugins\/seo\/ -->\n<title>Realizacje - ELKOM<\/title>\n<meta name=\"robots\" content=\"index, follow, max-snippet:-1, max-image-preview:large, max-video-preview:-1\" \/>\n<link rel=\"canonical\" href=\"http:\/\/elkom-olesno.pl\/?page_id=81\" \/>\n<meta property=\"og:locale\" content=\"en_US\" \/>\n<meta property=\"og:type\" content=\"article\" \/>\n<meta property=\"og:title\" content=\"Realizacje - ELKOM\" \/>\n<meta property=\"og:description\" content=\"Budowane wiele lat do\u015bwiadczenie naszej Firmy gwarantuje najwy\u017csz\u0105 jako\u015b\u0107 dostarczanych us\u0142ug. W trakcie naszej dzia\u0142alno\u015bci realizowali\u015bmy inwestycje w wielu rejonach Polski, a obecnie koncentrujemy si\u0119 na rynku dolno\u015bl\u0105skim. Prezentujemy kilka spo\u015br\u00f3d tysi\u0119cy realizacji wykonanych przez nasz\u0105 firm\u0119: Budowa sieci kablowej i o\u015bwietlenia wok\u00f3\u0142 Dworca G\u0142\u00f3wnego we Wroc\u0142awiu Dzi\u0119ki naszym dzia\u0142aniom Dworzec G\u0142\u00f3wny sta\u0142 si\u0119 bardziej &hellip; Continue reading &quot;Realizacje&quot;\" \/>\n<meta property=\"og:url\" content=\"http:\/\/elkom-olesno.pl\/?page_id=81\" \/>\n<meta property=\"og:site_name\" content=\"ELKOM\" \/>\n<meta property=\"article:modified_time\" content=\"2026-01-21T10:22:02+00:00\" \/>\n<meta property=\"og:image\" content=\"http:\/\/elkom-olesno.pl\/wp-content\/uploads\/2026\/01\/electrical-planning-3536767_1920.jpg\" \/>\n\t<meta property=\"og:image:width\" content=\"1920\" \/>\n\t<meta property=\"og:image:height\" content=\"774\" \/>\n\t<meta property=\"og:image:type\" content=\"image\/jpeg\" \/>\n<meta name=\"twitter:card\" content=\"summary_large_image\" \/>\n<meta name=\"twitter:label1\" content=\"Est. reading time\" \/>\n\t<meta name=\"twitter:data1\" content=\"4 minutes\" \/>\n<script type=\"application\/ld+json\" class=\"yoast-schema-graph\">{\"@context\":\"https:\/\/schema.org\",\"@graph\":[{\"@type\":\"WebPage\",\"@id\":\"http:\/\/elkom-olesno.pl\/?page_id=81\",\"url\":\"http:\/\/elkom-olesno.pl\/?page_id=81\",\"name\":\"Realizacje - ELKOM\",\"isPartOf\":{\"@id\":\"http:\/\/elkom-olesno.pl\/#website\"},\"primaryImageOfPage\":{\"@id\":\"http:\/\/elkom-olesno.pl\/?page_id=81#primaryimage\"},\"image\":{\"@id\":\"http:\/\/elkom-olesno.pl\/?page_id=81#primaryimage\"},\"thumbnailUrl\":\"http:\/\/elkom-olesno.pl\/wp-content\/uploads\/2026\/01\/electrical-planning-3536767_1920.jpg\",\"datePublished\":\"2026-01-21T09:45:24+00:00\",\"dateModified\":\"2026-01-21T10:22:02+00:00\",\"breadcrumb\":{\"@id\":\"http:\/\/elkom-olesno.pl\/?page_id=81#breadcrumb\"},\"inLanguage\":\"en-US\",\"potentialAction\":[{\"@type\":\"ReadAction\",\"target\":[\"http:\/\/elkom-olesno.pl\/?page_id=81\"]}]},{\"@type\":\"ImageObject\",\"inLanguage\":\"en-US\",\"@id\":\"http:\/\/elkom-olesno.pl\/?page_id=81#primaryimage\",\"url\":\"http:\/\/elkom-olesno.pl\/wp-content\/uploads\/2026\/01\/electrical-planning-3536767_1920.jpg\",\"contentUrl\":\"http:\/\/elkom-olesno.pl\/wp-content\/uploads\/2026\/01\/electrical-planning-3536767_1920.jpg\",\"width\":1920,\"height\":774},{\"@type\":\"BreadcrumbList\",\"@id\":\"http:\/\/elkom-olesno.pl\/?page_id=81#breadcrumb\",\"itemListElement\":[{\"@type\":\"ListItem\",\"position\":1,\"name\":\"Strona g\u0142\u00f3wna\",\"item\":\"http:\/\/elkom-olesno.pl\/\"},{\"@type\":\"ListItem\",\"position\":2,\"name\":\"Realizacje\"}]},{\"@type\":\"WebSite\",\"@id\":\"http:\/\/elkom-olesno.pl\/#website\",\"url\":\"http:\/\/elkom-olesno.pl\/\",\"name\":\"ELKOM\",\"description\":\"Projektowanie i realizacja sieci energetycznych\",\"publisher\":{\"@id\":\"http:\/\/elkom-olesno.pl\/#organization\"},\"potentialAction\":[{\"@type\":\"SearchAction\",\"target\":{\"@type\":\"EntryPoint\",\"urlTemplate\":\"http:\/\/elkom-olesno.pl\/?s={search_term_string}\"},\"query-input\":{\"@type\":\"PropertyValueSpecification\",\"valueRequired\":true,\"valueName\":\"search_term_string\"}}],\"inLanguage\":\"en-US\"},{\"@type\":\"Organization\",\"@id\":\"http:\/\/elkom-olesno.pl\/#organization\",\"name\":\"ELKOM\",\"url\":\"http:\/\/elkom-olesno.pl\/\",\"logo\":{\"@type\":\"ImageObject\",\"inLanguage\":\"en-US\",\"@id\":\"http:\/\/elkom-olesno.pl\/#\/schema\/logo\/image\/\",\"url\":\"http:\/\/elkom-olesno.pl\/wp-content\/uploads\/2026\/01\/cropped-Logo-kontra-bez-tla.png\",\"contentUrl\":\"http:\/\/elkom-olesno.pl\/wp-content\/uploads\/2026\/01\/cropped-Logo-kontra-bez-tla.png\",\"width\":1250,\"height\":250,\"caption\":\"ELKOM\"},\"image\":{\"@id\":\"http:\/\/elkom-olesno.pl\/#\/schema\/logo\/image\/\"}}]}<\/script>\n<!-- \/ Yoast SEO plugin. -->","yoast_head_json":{"title":"Realizacje - ELKOM","robots":{"index":"index","follow":"follow","max-snippet":"max-snippet:-1","max-image-preview":"max-image-preview:large","max-video-preview":"max-video-preview:-1"},"canonical":"http:\/\/elkom-olesno.pl\/?page_id=81","og_locale":"en_US","og_type":"article","og_title":"Realizacje - ELKOM","og_description":"Budowane wiele lat do\u015bwiadczenie naszej Firmy gwarantuje najwy\u017csz\u0105 jako\u015b\u0107 dostarczanych us\u0142ug. W trakcie naszej dzia\u0142alno\u015bci realizowali\u015bmy inwestycje w wielu rejonach Polski, a obecnie koncentrujemy si\u0119 na rynku dolno\u015bl\u0105skim. Prezentujemy kilka spo\u015br\u00f3d tysi\u0119cy realizacji wykonanych przez nasz\u0105 firm\u0119: Budowa sieci kablowej i o\u015bwietlenia wok\u00f3\u0142 Dworca G\u0142\u00f3wnego we Wroc\u0142awiu Dzi\u0119ki naszym dzia\u0142aniom Dworzec G\u0142\u00f3wny sta\u0142 si\u0119 bardziej &hellip; Continue reading \"Realizacje\"","og_url":"http:\/\/elkom-olesno.pl\/?page_id=81","og_site_name":"ELKOM","article_modified_time":"2026-01-21T10:22:02+00:00","og_image":[{"width":1920,"height":774,"url":"http:\/\/elkom-olesno.pl\/wp-content\/uploads\/2026\/01\/electrical-planning-3536767_1920.jpg","type":"image\/jpeg"}],"twitter_card":"summary_large_image","twitter_misc":{"Est. reading time":"4 minutes"},"schema":{"@context":"https:\/\/schema.org","@graph":[{"@type":"WebPage","@id":"http:\/\/elkom-olesno.pl\/?page_id=81","url":"http:\/\/elkom-olesno.pl\/?page_id=81","name":"Realizacje - ELKOM","isPartOf":{"@id":"http:\/\/elkom-olesno.pl\/#website"},"primaryImageOfPage":{"@id":"http:\/\/elkom-olesno.pl\/?page_id=81#primaryimage"},"image":{"@id":"http:\/\/elkom-olesno.pl\/?page_id=81#primaryimage"},"thumbnailUrl":"http:\/\/elkom-olesno.pl\/wp-content\/uploads\/2026\/01\/electrical-planning-3536767_1920.jpg","datePublished":"2026-01-21T09:45:24+00:00","dateModified":"2026-01-21T10:22:02+00:00","breadcrumb":{"@id":"http:\/\/elkom-olesno.pl\/?page_id=81#breadcrumb"},"inLanguage":"en-US","potentialAction":[{"@type":"ReadAction","target":["http:\/\/elkom-olesno.pl\/?page_id=81"]}]},{"@type":"ImageObject","inLanguage":"en-US","@id":"http:\/\/elkom-olesno.pl\/?page_id=81#primaryimage","url":"http:\/\/elkom-olesno.pl\/wp-content\/uploads\/2026\/01\/electrical-planning-3536767_1920.jpg","contentUrl":"http:\/\/elkom-olesno.pl\/wp-content\/uploads\/2026\/01\/electrical-planning-3536767_1920.jpg","width":1920,"height":774},{"@type":"BreadcrumbList","@id":"http:\/\/elkom-olesno.pl\/?page_id=81#breadcrumb","itemListElement":[{"@type":"ListItem","position":1,"name":"Strona g\u0142\u00f3wna","item":"http:\/\/elkom-olesno.pl\/"},{"@type":"ListItem","position":2,"name":"Realizacje"}]},{"@type":"WebSite","@id":"http:\/\/elkom-olesno.pl\/#website","url":"http:\/\/elkom-olesno.pl\/","name":"ELKOM","description":"Projektowanie i realizacja sieci energetycznych","publisher":{"@id":"http:\/\/elkom-olesno.pl\/#organization"},"potentialAction":[{"@type":"SearchAction","target":{"@type":"EntryPoint","urlTemplate":"http:\/\/elkom-olesno.pl\/?s={search_term_string}"},"query-input":{"@type":"PropertyValueSpecification","valueRequired":true,"valueName":"search_term_string"}}],"inLanguage":"en-US"},{"@type":"Organization","@id":"http:\/\/elkom-olesno.pl\/#organization","name":"ELKOM","url":"http:\/\/elkom-olesno.pl\/","logo":{"@type":"ImageObject","inLanguage":"en-US","@id":"http:\/\/elkom-olesno.pl\/#\/schema\/logo\/image\/","url":"http:\/\/elkom-olesno.pl\/wp-content\/uploads\/2026\/01\/cropped-Logo-kontra-bez-tla.png","contentUrl":"http:\/\/elkom-olesno.pl\/wp-content\/uploads\/2026\/01\/cropped-Logo-kontra-bez-tla.png","width":1250,"height":250,"caption":"ELKOM"},"image":{"@id":"http:\/\/elkom-olesno.pl\/#\/schema\/logo\/image\/"}}]}},"uagb_featured_image_src":{"full":["http:\/\/elkom-olesno.pl\/wp-content\/uploads\/2026\/01\/electrical-planning-3536767_1920.jpg",1920,774,false],"thumbnail":["http:\/\/elkom-olesno.pl\/wp-content\/uploads\/2026\/01\/electrical-planning-3536767_1920-150x150.jpg",150,150,true],"medium":["http:\/\/elkom-olesno.pl\/wp-content\/uploads\/2026\/01\/electrical-planning-3536767_1920-300x121.jpg",300,121,true],"medium_large":["http:\/\/elkom-olesno.pl\/wp-content\/uploads\/2026\/01\/electrical-planning-3536767_1920-768x310.jpg",525,212,true],"large":["http:\/\/elkom-olesno.pl\/wp-content\/uploads\/2026\/01\/electrical-planning-3536767_1920-1024x413.jpg",525,212,true],"1536x1536":["http:\/\/elkom-olesno.pl\/wp-content\/uploads\/2026\/01\/electrical-planning-3536767_1920-1536x619.jpg",1536,619,true],"2048x2048":["http:\/\/elkom-olesno.pl\/wp-content\/uploads\/2026\/01\/electrical-planning-3536767_1920.jpg",1920,774,false],"twentyseventeen-featured-image":["http:\/\/elkom-olesno.pl\/wp-content\/uploads\/2026\/01\/electrical-planning-3536767_1920.jpg",1920,774,false],"twentyseventeen-thumbnail-avatar":["http:\/\/elkom-olesno.pl\/wp-content\/uploads\/2026\/01\/electrical-planning-3536767_1920-100x100.jpg",100,100,true]},"uagb_author_info":{"display_name":"admin","author_link":"http:\/\/elkom-olesno.pl\/?author=1"},"uagb_comment_info":0,"uagb_excerpt":"Budowane wiele lat do\u015bwiadczenie naszej Firmy gwarantuje najwy\u017csz\u0105 jako\u015b\u0107 dostarczanych us\u0142ug. W trakcie naszej dzia\u0142alno\u015bci realizowali\u015bmy inwestycje w wielu rejonach Polski, a obecnie koncentrujemy si\u0119 na rynku dolno\u015bl\u0105skim. Prezentujemy kilka spo\u015br\u00f3d tysi\u0119cy realizacji wykonanych przez nasz\u0105 firm\u0119: Budowa sieci kablowej i o\u015bwietlenia wok\u00f3\u0142 Dworca G\u0142\u00f3wnego we Wroc\u0142awiu Dzi\u0119ki naszym dzia\u0142aniom Dworzec G\u0142\u00f3wny sta\u0142 si\u0119 bardziej&hellip;","_links":{"self":[{"href":"http:\/\/elkom-olesno.pl\/index.php?rest_route=\/wp\/v2\/pages\/81","targetHints":{"allow":["GET"]}}],"collection":[{"href":"http:\/\/elkom-olesno.pl\/index.php?rest_route=\/wp\/v2\/pages"}],"about":[{"href":"http:\/\/elkom-olesno.pl\/index.php?rest_route=\/wp\/v2\/types\/page"}],"author":[{"embeddable":true,"href":"http:\/\/elkom-olesno.pl\/index.php?rest_route=\/wp\/v2\/users\/1"}],"replies":[{"embeddable":true,"href":"http:\/\/elkom-olesno.pl\/index.php?rest_route=%2Fwp%2Fv2%2Fcomments&post=81"}],"version-history":[{"count":5,"href":"http:\/\/elkom-olesno.pl\/index.php?rest_route=\/wp\/v2\/pages\/81\/revisions"}],"predecessor-version":[{"id":105,"href":"http:\/\/elkom-olesno.pl\/index.php?rest_route=\/wp\/v2\/pages\/81\/revisions\/105"}],"wp:featuredmedia":[{"embeddable":true,"href":"http:\/\/elkom-olesno.pl\/index.php?rest_route=\/wp\/v2\/media\/94"}],"wp:attachment":[{"href":"http:\/\/elkom-olesno.pl\/index.php?rest_route=%2Fwp%2Fv2%2Fmedia&parent=81"}],"curies":[{"name":"wp","href":"https:\/\/api.w.org\/{rel}","templated":true}]}}